{"id":14,"date":"2025-08-27T20:41:24","date_gmt":"2025-08-27T20:41:24","guid":{"rendered":"https:\/\/animabeta.sourisakchok.ch\/?page_id=14"},"modified":"2025-11-06T20:06:43","modified_gmt":"2025-11-06T20:06:43","slug":"14-2","status":"publish","type":"page","link":"https:\/\/animabeta.thrivin.ch\/","title":{"rendered":"Startseite"},"content":{"rendered":"<p>[et_pb_section fb_built=&#8220;1&#8243; fullwidth=&#8220;on&#8220; _builder_version=&#8220;4.27.4&#8243; _module_preset=&#8220;default&#8220; global_colors_info=&#8220;{}&#8220;][et_pb_fullwidth_header title=&#8220;anima.&#8220; header_fullscreen=&#8220;on&#8220; _builder_version=&#8220;4.27.4&#8243; _module_preset=&#8220;default&#8220; title_font=&#8220;the seasons|&#8211;et_global_body_font_weight|||||||&#8220; title_text_align=&#8220;center&#8220; title_font_size=&#8220;148px&#8220; content_font=&#8220;holiday|300|||||||&#8220; content_text_align=&#8220;center&#8220; content_font_size=&#8220;24px&#8220; background_color=&#8220;#54623c&#8220; title_font_size_tablet=&#8220;148px&#8220; title_font_size_phone=&#8220;87px&#8220; title_font_size_last_edited=&#8220;on|phone&#8220; global_colors_info=&#8220;{}&#8220;]<\/p>\n<p>mindful eating<\/p>\n<p>[\/et_pb_fullwidth_header][\/et_pb_section][et_pb_section fb_built=&#8220;1&#8243; _builder_version=&#8220;4.27.4&#8243; _module_preset=&#8220;default&#8220; background_color=&#8220;#f9f6f3&#8243; global_colors_info=&#8220;{}&#8220;][et_pb_row column_structure=&#8220;1_2,1_2&#8243; _builder_version=&#8220;4.27.4&#8243; _module_preset=&#8220;default&#8220; max_width=&#8220;80%&#8220; min_height=&#8220;456.4px&#8220; custom_padding=&#8220;||0px|||&#8220; motion_trigger_start=&#8220;top&#8220; global_colors_info=&#8220;{}&#8220;][et_pb_column type=&#8220;1_2&#8243; _builder_version=&#8220;4.27.4&#8243; _module_preset=&#8220;default&#8220; global_colors_info=&#8220;{}&#8220;][et_pb_text _builder_version=&#8220;4.27.4&#8243; _module_preset=&#8220;default&#8220; text_font=&#8220;Playfair Display|800|on||||||&#8220; text_font_size=&#8220;28px&#8220; custom_margin=&#8220;0px||0px||true|true&#8220; custom_padding=&#8220;||||true|true&#8220; global_colors_info=&#8220;{}&#8220;]<\/p>\n<p>\/01<\/p>\n<p>[\/et_pb_text][et_pb_heading title=&#8220;Eating Well Is Living Well&#8220; _builder_version=&#8220;4.27.4&#8243; _module_preset=&#8220;default&#8220; title_font=&#8220;the seasons||||||||&#8220; title_text_align=&#8220;left&#8220; title_text_color=&#8220;#1c352d&#8220; title_font_size=&#8220;56px&#8220; width=&#8220;100%&#8220; custom_margin=&#8220;|100px|0px||false|false&#8220; custom_margin_tablet=&#8220;|100px|0px||false|false&#8220; custom_margin_phone=&#8220;|0px|0px||false|false&#8220; custom_margin_last_edited=&#8220;on|phone&#8220; scroll_horizontal_motion=&#8220;0|49|50|50|5|0|0&#8243; scroll_fade_enable=&#8220;on&#8220; scroll_fade=&#8220;40|50|50|60|0|100|100&#8243; global_colors_info=&#8220;{}&#8220;][\/et_pb_heading][et_pb_divider color=&#8220;#000000&#8243; divider_weight=&#8220;4px&#8220; _builder_version=&#8220;4.27.4&#8243; _module_preset=&#8220;default&#8220; width=&#8220;30%&#8220; width_tablet=&#8220;30%&#8220; width_phone=&#8220;100%&#8220; width_last_edited=&#8220;on|phone&#8220; max_width=&#8220;100%&#8220; module_alignment=&#8220;left&#8220; min_height=&#8220;0px&#8220; height=&#8220;0px&#8220; max_height=&#8220;0px&#8220; max_height_tablet=&#8220;0px&#8220; max_height_phone=&#8220;0px&#8220; max_height_last_edited=&#8220;on|desktop&#8220; custom_margin=&#8220;||20px||false|false&#8220; global_colors_info=&#8220;{}&#8220;][\/et_pb_divider][\/et_pb_column][et_pb_column type=&#8220;1_2&#8243; _builder_version=&#8220;4.27.4&#8243; _module_preset=&#8220;default&#8220; global_colors_info=&#8220;{}&#8220;][et_pb_image src=&#8220;https:\/\/animabeta.thrivin.ch\/wp-content\/uploads\/2025\/11\/image_papaya-scaled.jpg&#8220; title_text=&#8220;image_papaya&#8220; _builder_version=&#8220;4.27.4&#8243; _module_preset=&#8220;default&#8220; width=&#8220;45%&#8220; width_tablet=&#8220;40%&#8220; width_phone=&#8220;40%&#8220; width_last_edited=&#8220;on|tablet&#8220; module_alignment=&#8220;center&#8220; height=&#8220;45%&#8220; height_tablet=&#8220;40%&#8220; height_phone=&#8220;40%&#8220; height_last_edited=&#8220;on|tablet&#8220; custom_margin=&#8220;50px|50px|50px|50px|false|false&#8220; hover_enabled=&#8220;0&#8243; global_colors_info=&#8220;{}&#8220; transform_rotate=&#8220;0deg|0deg|270deg&#8220; sticky_enabled=&#8220;0&#8243; transform_styles_last_edited=&#8220;on|phone&#8220; transform_scale_last_edited=&#8220;on|desktop&#8220; transform_translate_last_edited=&#8220;on|desktop&#8220; transform_rotate_last_edited=&#8220;on|phone&#8220; transform_skew_last_edited=&#8220;on|desktop&#8220; transform_origin_last_edited=&#8220;on|desktop&#8220; custom_margin_last_edited=&#8220;on|desktop&#8220; custom_margin_phone=&#8220;50px|50px|50px|50px|false|false&#8220; custom_padding=&#8220;||||false|false&#8220; custom_margin_tablet=&#8220;||||false|false&#8220; transform_rotate_tablet=&#8220;0deg|0deg|270deg&#8220; transform_rotate_phone=&#8220;0deg|0deg|270deg&#8220;][\/et_pb_image][\/et_pb_column][\/et_pb_row][et_pb_row column_structure=&#8220;1_3,1_3,1_3&#8243; _builder_version=&#8220;4.27.4&#8243; _module_preset=&#8220;default&#8220; max_width=&#8220;80%&#8220; motion_trigger_start=&#8220;top&#8220; global_colors_info=&#8220;{}&#8220;][et_pb_column type=&#8220;1_3&#8243; _builder_version=&#8220;4.27.4&#8243; _module_preset=&#8220;default&#8220; global_colors_info=&#8220;{}&#8220;][et_pb_blurb title=&#8220;Energy&#8220; use_icon=&#8220;on&#8220; font_icon=&#8220;&#xf4d8;||fa||900&#8243; icon_color=&#8220;#a6b28b&#8220; _builder_version=&#8220;4.27.4&#8243; _module_preset=&#8220;default&#8220; header_font=&#8220;Playfair Display||||||||&#8220; header_font_size=&#8220;32px&#8220; body_font=&#8220;Poppins||||||||&#8220; body_font_size=&#8220;18px&#8220; global_colors_info=&#8220;{}&#8220;]<\/p>\n<p class=\"p1\">Ich glaube daran, dass bewusste Ern\u00e4hrung ein Schl\u00fcssel ist, um echte Lebensenergie zu sp\u00fcren und ein tiefes Wohlbefinden von innen heraus zu erleben.\u00a0<strong>anima<\/strong>\u00a0steht genau daf\u00fcr: Lebenskraft, Leichtigkeit und die Verbindung zu deiner st\u00e4rksten Version.<\/p>\n<p>[\/et_pb_blurb][\/et_pb_column][et_pb_column type=&#8220;1_3&#8243; _builder_version=&#8220;4.27.4&#8243; _module_preset=&#8220;default&#8220; global_colors_info=&#8220;{}&#8220;][et_pb_blurb title=&#8220;Balance&#8220; use_icon=&#8220;on&#8220; font_icon=&#8220;&#xf24e;||fa||900&#8243; icon_color=&#8220;#a6b28b&#8220; _builder_version=&#8220;4.27.4&#8243; _module_preset=&#8220;default&#8220; header_font=&#8220;Playfair Display||||||||&#8220; header_font_size=&#8220;32px&#8220; body_font=&#8220;Poppins||||||||&#8220; body_font_size=&#8220;18px&#8220; global_colors_info=&#8220;{}&#8220;]<\/p>\n<p class=\"p1\">Ern\u00e4hrung bedeutet f\u00fcr mich nicht, strengen Regeln oder st\u00e4ndig neuen Trends zu folgen, sondern dein K\u00f6rperbewusstsein zu st\u00e4rken, deine Bed\u00fcrfnisse zu verstehen und ihn auf eine nat\u00fcrliche, nachhaltige Weise zu n\u00e4hren. Mein Ansatz ist ganzheitlich \u2013 er richtet den Blick nicht nur auf das, was du isst, sondern auch darauf, wie deine Gewohnheiten, dein Lebensstil und deine innere Haltung dein Wohlbefinden formen. Die Art, wie du dich n\u00e4hrst, beeinflusst deine Energie, deine Stimmung, deine Konzentration \u2013 und sogar, wie du mit anderen in Verbindung trittst.<\/p>\n<p>[\/et_pb_blurb][\/et_pb_column][et_pb_column type=&#8220;1_3&#8243; _builder_version=&#8220;4.27.4&#8243; _module_preset=&#8220;default&#8220; global_colors_info=&#8220;{}&#8220;][et_pb_blurb title=&#8220;Strength&#8220; use_icon=&#8220;on&#8220; font_icon=&#8220;&#xf6de;||fa||900&#8243; icon_color=&#8220;#a6b28b&#8220; _builder_version=&#8220;4.27.4&#8243; _module_preset=&#8220;default&#8220; header_font=&#8220;Playfair Display||||||||&#8220; header_font_size=&#8220;32px&#8220; body_font=&#8220;Poppins||||||||&#8220; body_font_size=&#8220;18px&#8220; global_colors_info=&#8220;{}&#8220;]<\/p>\n<p class=\"p1\">Ich bin \u00fcberzeugt davon, dass unser K\u00f6rper eine enorme F\u00e4higkeit zur Selbstheilung besitzt \u2013 wenn wir ihm die richtigen Voraussetzungen geben. Durch eine ausgewogene Ern\u00e4hrung, ausreichend Ruhe, Bewegung und einen liebevollen Umgang mit uns selbst k\u00f6nnen wir innere Ressourcen aktivieren, uns ins Gleichgewicht bringen und Heilungsprozesse auf nat\u00fcrliche Weise unterst\u00fctzen.<\/p>\n<p>[\/et_pb_blurb][\/et_pb_column][\/et_pb_row][\/et_pb_section][et_pb_section fb_built=&#8220;1&#8243; _builder_version=&#8220;4.27.4&#8243; _module_preset=&#8220;default&#8220; background_color=&#8220;#f9f6f3&#8243; global_colors_info=&#8220;{}&#8220;][et_pb_row column_structure=&#8220;1_2,1_2&#8243; _builder_version=&#8220;4.27.4&#8243; _module_preset=&#8220;default&#8220; max_width=&#8220;80%&#8220; min_height=&#8220;456.4px&#8220; motion_trigger_start=&#8220;top&#8220; global_colors_info=&#8220;{}&#8220;][et_pb_column type=&#8220;1_2&#8243; _builder_version=&#8220;4.27.4&#8243; _module_preset=&#8220;default&#8220; global_colors_info=&#8220;{}&#8220;][et_pb_text _builder_version=&#8220;4.27.4&#8243; _module_preset=&#8220;default&#8220; text_font=&#8220;Playfair Display|800|on||||||&#8220; text_font_size=&#8220;28px&#8220; custom_margin=&#8220;0px||0px||true|true&#8220; custom_padding=&#8220;||||true|true&#8220; global_colors_info=&#8220;{}&#8220;]<\/p>\n<p>\/02<\/p>\n<p>[\/et_pb_text][et_pb_heading title=&#8220;Behind anima&#8220; _builder_version=&#8220;4.27.4&#8243; _module_preset=&#8220;default&#8220; title_font=&#8220;the seasons||||||||&#8220; title_text_align=&#8220;left&#8220; title_text_color=&#8220;#1c352d&#8220; title_font_size=&#8220;56px&#8220; width=&#8220;100%&#8220; custom_margin=&#8220;|100px|0px||false|false&#8220; custom_margin_tablet=&#8220;|100px|0px||false|false&#8220; custom_margin_phone=&#8220;|0px|0px||false|false&#8220; custom_margin_last_edited=&#8220;on|phone&#8220; scroll_horizontal_motion=&#8220;0|49|50|50|5|0|0&#8243; scroll_fade_enable=&#8220;on&#8220; scroll_fade=&#8220;40|50|50|60|0|100|100&#8243; hover_enabled=&#8220;0&#8243; global_colors_info=&#8220;{}&#8220; sticky_enabled=&#8220;0&#8243;][\/et_pb_heading][et_pb_divider color=&#8220;#000000&#8243; divider_weight=&#8220;4px&#8220; _builder_version=&#8220;4.27.4&#8243; _module_preset=&#8220;default&#8220; width=&#8220;30%&#8220; width_tablet=&#8220;30%&#8220; width_phone=&#8220;100%&#8220; width_last_edited=&#8220;on|phone&#8220; max_width=&#8220;100%&#8220; module_alignment=&#8220;left&#8220; min_height=&#8220;0px&#8220; height=&#8220;0px&#8220; max_height=&#8220;0px&#8220; max_height_tablet=&#8220;0px&#8220; max_height_phone=&#8220;0px&#8220; max_height_last_edited=&#8220;on|desktop&#8220; custom_margin=&#8220;||20px||false|false&#8220; global_colors_info=&#8220;{}&#8220;][\/et_pb_divider][\/et_pb_column][et_pb_column type=&#8220;1_2&#8243; _builder_version=&#8220;4.27.4&#8243; _module_preset=&#8220;default&#8220; global_colors_info=&#8220;{}&#8220;][et_pb_text _builder_version=&#8220;4.27.4&#8243; _module_preset=&#8220;default&#8220; text_font=&#8220;Poppins||||||||&#8220; text_text_color=&#8220;#1c352d&#8220; text_font_size=&#8220;18px&#8220; header_font=&#8220;||||||||&#8220; custom_margin=&#8220;||1px|||&#8220; hover_enabled=&#8220;0&#8243; global_colors_info=&#8220;{}&#8220; sticky_enabled=&#8220;0&#8243;]<\/p>\n<p class=\"p1\">Mit anima m\u00f6chte ich meine Leidenschaft f\u00fcr Ern\u00e4hrung und ganzheitliches Wohlbefinden teilen. Mein Ziel ist es, Menschen zu helfen, mehr Balance und Energie in ihrem Alltag zu finden und ihre Gesundheit nachhaltig zu st\u00e4rken.<\/p>\n<p>[\/et_pb_text][et_pb_divider color=&#8220;#000000&#8243; divider_weight=&#8220;1.5px&#8220; _builder_version=&#8220;4.27.4&#8243; _module_preset=&#8220;default&#8220; custom_margin=&#8220;12px||12px||true|false&#8220; global_colors_info=&#8220;{}&#8220;][\/et_pb_divider][et_pb_team_member name=&#8220;Ramona Steinlin&#8220; position=&#8220;Founder &#038; Ern\u00e4hrungsberaterin&#8220; image_url=&#8220;data:image\/svg+xml;base64,PHN2ZyB3aWR0aD0iNTAwIiBoZWlnaHQ9IjUwMCIgdmlld0JveD0iMCAwIDUwMCA1MDAiIHhtbG5zPSJodHRwOi8vd3d3LnczLm9yZy8yMDAwL3N2ZyI+CiAgICA8ZyBmaWxsPSJub25lIiBmaWxsLXJ1bGU9ImV2ZW5vZGQiPgogICAgICAgIDxwYXRoIGZpbGw9IiNFQkVCRUIiIGQ9Ik0wIDBoNTAwdjUwMEgweiIvPgogICAgICAgIDxyZWN0IGZpbGwtb3BhY2l0eT0iLjEiIGZpbGw9IiMwMDAiIHg9IjY4IiB5PSIzMDUiIHdpZHRoPSIzNjQiIGhlaWdodD0iNTY4IiByeD0iMTgyIi8+CiAgICAgICAgPGNpcmNsZSBmaWxsLW9wYWNpdHk9Ii4xIiBmaWxsPSIjMDAwIiBjeD0iMjQ5IiBjeT0iMTcyIiByPSIxMDAiLz4KICAgIDwvZz4KPC9zdmc+Cg==&#8220; _builder_version=&#8220;4.27.4&#8243; _module_preset=&#8220;default&#8220; header_font=&#8220;Poppins|500|||||||&#8220; header_font_size=&#8220;20px&#8220; body_font=&#8220;Poppins||||||||&#8220; position_font=&#8220;Poppins|500|||||||&#8220; global_colors_info=&#8220;{}&#8220;]<\/p>\n<p>Dipl. Ern\u00e4hrungsberaterin nach EMR<\/p>\n<p>B. Sc. in Business Administration<\/p>\n<p>50h Yoga Zertifikat<\/p>\n<p>[\/et_pb_team_member][et_pb_button button_url=&#8220;https:\/\/animabeta.thrivin.ch\/?page_id=125&#8243; button_text=&#8220;About me&#8220; button_alignment=&#8220;left&#8220; _builder_version=&#8220;4.27.4&#8243; _module_preset=&#8220;default&#8220; custom_button=&#8220;on&#8220; button_text_color=&#8220;#1c352d&#8220; global_colors_info=&#8220;{}&#8220;][\/et_pb_button][\/et_pb_column][\/et_pb_row][\/et_pb_section][et_pb_section fb_built=&#8220;1&#8243; disabled_on=&#8220;off|off|off&#8220; _builder_version=&#8220;4.27.4&#8243; _module_preset=&#8220;default&#8220; background_enable_color=&#8220;off&#8220; background_enable_image=&#8220;off&#8220; parallax=&#8220;on&#8220; filter_brightness=&#8220;80%&#8220; top_divider_style=&#8220;waves2&#8243; top_divider_color=&#8220;#f9f6f3&#8243; scroll_blur_enable=&#8220;on&#8220; scroll_blur=&#8220;40|40|60|60|4px|0px|0px&#8220; global_colors_info=&#8220;{}&#8220;][et_pb_row column_structure=&#8220;1_2,1_2&#8243; _builder_version=&#8220;4.27.4&#8243; _module_preset=&#8220;default&#8220; max_width=&#8220;80%&#8220; min_height=&#8220;456.4px&#8220; motion_trigger_start=&#8220;top&#8220; global_colors_info=&#8220;{}&#8220;][et_pb_column type=&#8220;1_2&#8243; _builder_version=&#8220;4.27.4&#8243; _module_preset=&#8220;default&#8220; global_colors_info=&#8220;{}&#8220;][et_pb_text _builder_version=&#8220;4.27.4&#8243; _module_preset=&#8220;default&#8220; text_font=&#8220;Playfair Display|800|on||||||&#8220; text_text_color=&#8220;#000000&#8243; text_font_size=&#8220;28px&#8220; custom_margin=&#8220;0px||0px||true|true&#8220; custom_padding=&#8220;||||true|true&#8220; global_colors_info=&#8220;{}&#8220;]<\/p>\n<p>\/Contact<\/p>\n<p>[\/et_pb_text][et_pb_heading title=&#8220;Questions? Get in Touch.&#8220; _builder_version=&#8220;4.27.4&#8243; _module_preset=&#8220;default&#8220; title_font=&#8220;the seasons||||||||&#8220; title_text_align=&#8220;left&#8220; title_text_color=&#8220;#000000&#8243; title_font_size=&#8220;56px&#8220; width=&#8220;100%&#8220; custom_margin=&#8220;|100px|0px||false|false&#8220; scroll_horizontal_motion=&#8220;0|49|50|50|5|0|0&#8243; global_colors_info=&#8220;{}&#8220;][\/et_pb_heading][et_pb_divider color=&#8220;#000000&#8243; divider_weight=&#8220;4px&#8220; _builder_version=&#8220;4.27.4&#8243; _module_preset=&#8220;default&#8220; width=&#8220;30%&#8220; max_width=&#8220;100%&#8220; module_alignment=&#8220;left&#8220; min_height=&#8220;0px&#8220; height=&#8220;0px&#8220; max_height=&#8220;0px&#8220; max_height_tablet=&#8220;0px&#8220; max_height_phone=&#8220;0px&#8220; max_height_last_edited=&#8220;on|desktop&#8220; custom_margin=&#8220;||20px||false|false&#8220; global_colors_info=&#8220;{}&#8220;][\/et_pb_divider][\/et_pb_column][et_pb_column type=&#8220;1_2&#8243; _builder_version=&#8220;4.27.4&#8243; _module_preset=&#8220;default&#8220; global_colors_info=&#8220;{}&#8220;][et_pb_contact_form _builder_version=&#8220;4.27.4&#8243; _module_preset=&#8220;default&#8220; _unique_id=&#8220;abc77e7b-d3f4-4ce9-9f72-e028a090db7b&#8220; custom_button=&#8220;on&#8220; button_text_color=&#8220;#000000&#8243; global_colors_info=&#8220;{}&#8220;][et_pb_contact_field field_id=&#8220;Name&#8220; field_title=&#8220;Name&#8220; _builder_version=&#8220;4.16&#8243; global_colors_info=&#8220;{}&#8220; button_text_size__hover_enabled=&#8220;off&#8220; button_one_text_size__hover_enabled=&#8220;off&#8220; button_two_text_size__hover_enabled=&#8220;off&#8220; button_text_color__hover_enabled=&#8220;off&#8220; button_one_text_color__hover_enabled=&#8220;off&#8220; button_two_text_color__hover_enabled=&#8220;off&#8220; button_border_width__hover_enabled=&#8220;off&#8220; button_one_border_width__hover_enabled=&#8220;off&#8220; button_two_border_width__hover_enabled=&#8220;off&#8220; button_border_color__hover_enabled=&#8220;off&#8220; button_one_border_color__hover_enabled=&#8220;off&#8220; button_two_border_color__hover_enabled=&#8220;off&#8220; button_border_radius__hover_enabled=&#8220;off&#8220; button_one_border_radius__hover_enabled=&#8220;off&#8220; button_two_border_radius__hover_enabled=&#8220;off&#8220; button_letter_spacing__hover_enabled=&#8220;off&#8220; button_one_letter_spacing__hover_enabled=&#8220;off&#8220; button_two_letter_spacing__hover_enabled=&#8220;off&#8220; button_bg_color__hover_enabled=&#8220;off&#8220; button_one_bg_color__hover_enabled=&#8220;off&#8220; button_two_bg_color__hover_enabled=&#8220;off&#8220;][\/et_pb_contact_field][et_pb_contact_field field_id=&#8220;Email&#8220; field_title=&#8220;E-Mail-Adresse&#8220; field_type=&#8220;email&#8220; _builder_version=&#8220;4.16&#8243; global_colors_info=&#8220;{}&#8220; button_text_size__hover_enabled=&#8220;off&#8220; button_one_text_size__hover_enabled=&#8220;off&#8220; button_two_text_size__hover_enabled=&#8220;off&#8220; button_text_color__hover_enabled=&#8220;off&#8220; button_one_text_color__hover_enabled=&#8220;off&#8220; button_two_text_color__hover_enabled=&#8220;off&#8220; button_border_width__hover_enabled=&#8220;off&#8220; button_one_border_width__hover_enabled=&#8220;off&#8220; button_two_border_width__hover_enabled=&#8220;off&#8220; button_border_color__hover_enabled=&#8220;off&#8220; button_one_border_color__hover_enabled=&#8220;off&#8220; button_two_border_color__hover_enabled=&#8220;off&#8220; button_border_radius__hover_enabled=&#8220;off&#8220; button_one_border_radius__hover_enabled=&#8220;off&#8220; button_two_border_radius__hover_enabled=&#8220;off&#8220; button_letter_spacing__hover_enabled=&#8220;off&#8220; button_one_letter_spacing__hover_enabled=&#8220;off&#8220; button_two_letter_spacing__hover_enabled=&#8220;off&#8220; button_bg_color__hover_enabled=&#8220;off&#8220; button_one_bg_color__hover_enabled=&#8220;off&#8220; button_two_bg_color__hover_enabled=&#8220;off&#8220;][\/et_pb_contact_field][et_pb_contact_field field_id=&#8220;Message&#8220; field_title=&#8220;Nachricht&#8220; field_type=&#8220;text&#8220; fullwidth_field=&#8220;on&#8220; _builder_version=&#8220;4.16&#8243; global_colors_info=&#8220;{}&#8220; button_text_size__hover_enabled=&#8220;off&#8220; button_one_text_size__hover_enabled=&#8220;off&#8220; button_two_text_size__hover_enabled=&#8220;off&#8220; button_text_color__hover_enabled=&#8220;off&#8220; button_one_text_color__hover_enabled=&#8220;off&#8220; button_two_text_color__hover_enabled=&#8220;off&#8220; button_border_width__hover_enabled=&#8220;off&#8220; button_one_border_width__hover_enabled=&#8220;off&#8220; button_two_border_width__hover_enabled=&#8220;off&#8220; button_border_color__hover_enabled=&#8220;off&#8220; button_one_border_color__hover_enabled=&#8220;off&#8220; button_two_border_color__hover_enabled=&#8220;off&#8220; button_border_radius__hover_enabled=&#8220;off&#8220; button_one_border_radius__hover_enabled=&#8220;off&#8220; button_two_border_radius__hover_enabled=&#8220;off&#8220; button_letter_spacing__hover_enabled=&#8220;off&#8220; button_one_letter_spacing__hover_enabled=&#8220;off&#8220; button_two_letter_spacing__hover_enabled=&#8220;off&#8220; button_bg_color__hover_enabled=&#8220;off&#8220; button_one_bg_color__hover_enabled=&#8220;off&#8220; button_two_bg_color__hover_enabled=&#8220;off&#8220;][\/et_pb_contact_field][\/et_pb_contact_form][\/et_pb_column][\/et_pb_row][\/et_pb_section]<\/p>\n","protected":false},"excerpt":{"rendered":"<p>mindful eating\/01Ich glaube daran, dass bewusste Ern\u00e4hrung ein Schl\u00fcssel ist, um echte Lebensenergie zu sp\u00fcren und ein tiefes Wohlbefinden von innen heraus zu erleben.\u00a0anima\u00a0steht genau daf\u00fcr: Lebenskraft, Leichtigkeit und die Verbindung zu deiner st\u00e4rksten Version.Ern\u00e4hrung bedeutet f\u00fcr mich nicht, strengen Regeln oder st\u00e4ndig neuen Trends zu folgen, sondern dein K\u00f6rperbewusstsein zu st\u00e4rken, deine Bed\u00fcrfnisse zu [&hellip;]<\/p>\n","protected":false},"author":1,"featured_media":0,"parent":0,"menu_order":0,"comment_status":"closed","ping_status":"closed","template":"","meta":{"_et_pb_use_builder":"on","_et_pb_old_content":"","_et_gb_content_width":"","footnotes":""},"class_list":["post-14","page","type-page","status-publish","hentry"],"_links":{"self":[{"href":"https:\/\/animabeta.thrivin.ch\/index.php?rest_route=\/wp\/v2\/pages\/14","targetHints":{"allow":["GET"]}}],"collection":[{"href":"https:\/\/animabeta.thrivin.ch\/index.php?rest_route=\/wp\/v2\/pages"}],"about":[{"href":"https:\/\/animabeta.thrivin.ch\/index.php?rest_route=\/wp\/v2\/types\/page"}],"author":[{"embeddable":true,"href":"https:\/\/animabeta.thrivin.ch\/index.php?rest_route=\/wp\/v2\/users\/1"}],"replies":[{"embeddable":true,"href":"https:\/\/animabeta.thrivin.ch\/index.php?rest_route=%2Fwp%2Fv2%2Fcomments&post=14"}],"version-history":[{"count":24,"href":"https:\/\/animabeta.thrivin.ch\/index.php?rest_route=\/wp\/v2\/pages\/14\/revisions"}],"predecessor-version":[{"id":25979823,"href":"https:\/\/animabeta.thrivin.ch\/index.php?rest_route=\/wp\/v2\/pages\/14\/revisions\/25979823"}],"wp:attachment":[{"href":"https:\/\/animabeta.thrivin.ch\/index.php?rest_route=%2Fwp%2Fv2%2Fmedia&parent=14"}],"curies":[{"name":"wp","href":"https:\/\/api.w.org\/{rel}","templated":true}]}}