{"id":222,"date":"2025-10-07T20:08:13","date_gmt":"2025-10-07T20:08:13","guid":{"rendered":"https:\/\/animabeta.sourisakchok.ch\/?page_id=222"},"modified":"2025-12-07T13:55:21","modified_gmt":"2025-12-07T13:55:21","slug":"services","status":"publish","type":"page","link":"https:\/\/animabeta.thrivin.ch\/?page_id=222","title":{"rendered":"Services"},"content":{"rendered":"<p>[et_pb_section fb_built=&#8220;1&#8243; _builder_version=&#8220;4.27.4&#8243; _module_preset=&#8220;default&#8220; background_color=&#8220;#f9f6f3&#8243; global_colors_info=&#8220;{}&#8220;][et_pb_row column_structure=&#8220;1_2,1_2&#8243; _builder_version=&#8220;4.27.4&#8243; _module_preset=&#8220;default&#8220; max_width=&#8220;80%&#8220; min_height=&#8220;456.4px&#8220; motion_trigger_start=&#8220;top&#8220; hover_enabled=&#8220;0&#8243; global_colors_info=&#8220;{}&#8220; custom_margin=&#8220;||-50px||false|false&#8220; sticky_enabled=&#8220;0&#8243;][et_pb_column type=&#8220;1_2&#8243; _builder_version=&#8220;4.27.4&#8243; _module_preset=&#8220;default&#8220; global_colors_info=&#8220;{}&#8220;][et_pb_heading title=&#8220;Let\u2019s start your journey today.&#8220; _builder_version=&#8220;4.27.4&#8243; _module_preset=&#8220;default&#8220; title_font=&#8220;Playfair Display||||||||&#8220; title_text_align=&#8220;left&#8220; title_text_color=&#8220;#1c352d&#8220; title_font_size=&#8220;56px&#8220; width=&#8220;100%&#8220; width_tablet=&#8220;100%&#8220; width_phone=&#8220;100%&#8220; width_last_edited=&#8220;on|phone&#8220; custom_margin=&#8220;|100px|0px||false|false&#8220; scroll_horizontal_motion=&#8220;0|49|50|50|5|0|0&#8243; scroll_fade_enable=&#8220;on&#8220; scroll_fade=&#8220;40|50|50|60|0|100|100&#8243; global_colors_info=&#8220;{}&#8220;][\/et_pb_heading][et_pb_divider color=&#8220;#000000&#8243; divider_weight=&#8220;4px&#8220; _builder_version=&#8220;4.27.4&#8243; _module_preset=&#8220;default&#8220; width=&#8220;30%&#8220; width_tablet=&#8220;30%&#8220; width_phone=&#8220;100%&#8220; width_last_edited=&#8220;on|phone&#8220; max_width=&#8220;100%&#8220; module_alignment=&#8220;left&#8220; min_height=&#8220;0px&#8220; height=&#8220;0px&#8220; max_height=&#8220;0px&#8220; max_height_tablet=&#8220;0px&#8220; max_height_phone=&#8220;0px&#8220; max_height_last_edited=&#8220;on|desktop&#8220; custom_margin=&#8220;||45px||false|false&#8220; custom_padding=&#8220;3px|||||&#8220; global_colors_info=&#8220;{}&#8220;][\/et_pb_divider][\/et_pb_column][et_pb_column type=&#8220;1_2&#8243; _builder_version=&#8220;4.27.4&#8243; _module_preset=&#8220;default&#8220; global_colors_info=&#8220;{}&#8220;][et_pb_image src=&#8220;https:\/\/animabeta.thrivin.ch\/wp-content\/uploads\/2025\/11\/image_lemon-scaled.jpg&#8220; title_text=&#8220;image_lemon&#8220; _builder_version=&#8220;4.27.4&#8243; _module_preset=&#8220;default&#8220; transform_scale_tablet=&#8220;&#8220; transform_scale_phone=&#8220;&#8220; transform_scale_last_edited=&#8220;on|desktop&#8220; transform_translate_tablet=&#8220;&#8220; transform_translate_phone=&#8220;&#8220; transform_translate_last_edited=&#8220;on|desktop&#8220; transform_rotate=&#8220;0deg|0deg|270deg&#8220; transform_rotate_tablet=&#8220;0deg|0deg|270deg&#8220; transform_rotate_phone=&#8220;0deg|0deg|270deg&#8220; transform_rotate_last_edited=&#8220;on|phone&#8220; transform_skew_tablet=&#8220;&#8220; transform_skew_phone=&#8220;&#8220; transform_skew_last_edited=&#8220;on|desktop&#8220; transform_origin_tablet=&#8220;&#8220; transform_origin_phone=&#8220;&#8220; transform_origin_last_edited=&#8220;on|desktop&#8220; transform_styles_last_edited=&#8220;on|phone&#8220; width=&#8220;54%&#8220; width_tablet=&#8220;40%&#8220; width_phone=&#8220;40%&#8220; width_last_edited=&#8220;on|tablet&#8220; module_alignment=&#8220;center&#8220; height=&#8220;45%&#8220; height_tablet=&#8220;40%&#8220; height_phone=&#8220;40%&#8220; height_last_edited=&#8220;on|tablet&#8220; hover_enabled=&#8220;0&#8243; transform_styles_tablet=&#8220;&#8220; transform_styles_phone=&#8220;&#8220; global_colors_info=&#8220;{}&#8220; sticky_enabled=&#8220;0&#8243;][\/et_pb_image][\/et_pb_column][\/et_pb_row][\/et_pb_section][et_pb_section fb_built=&#8220;1&#8243; _builder_version=&#8220;4.27.4&#8243; _module_preset=&#8220;default&#8220; background_color=&#8220;#f5c9b0&#8243; global_colors_info=&#8220;{}&#8220;][et_pb_row column_structure=&#8220;1_2,1_2&#8243; _builder_version=&#8220;4.27.4&#8243; _module_preset=&#8220;default&#8220; max_width=&#8220;80%&#8220; min_height=&#8220;143.4px&#8220; custom_padding=&#8220;||0px|||&#8220; motion_trigger_start=&#8220;top&#8220; global_colors_info=&#8220;{}&#8220;][et_pb_column type=&#8220;1_2&#8243; _builder_version=&#8220;4.27.4&#8243; _module_preset=&#8220;default&#8220; global_colors_info=&#8220;{}&#8220;][et_pb_text _builder_version=&#8220;4.27.4&#8243; _module_preset=&#8220;default&#8220; text_font=&#8220;Playfair Display|800|on||||||&#8220; text_font_size=&#8220;28px&#8220; custom_margin=&#8220;0px||0px||true|true&#8220; custom_padding=&#8220;||||true|true&#8220; global_colors_info=&#8220;{}&#8220;]<\/p>\n<p>\/What I offer<\/p>\n<p>[\/et_pb_text][et_pb_heading title=&#8220;Your journey to well-being starts here.&#8220; _builder_version=&#8220;4.27.4&#8243; _module_preset=&#8220;default&#8220; title_font=&#8220;Playfair Display||||||||&#8220; title_text_align=&#8220;left&#8220; title_text_color=&#8220;#1c352d&#8220; title_font_size=&#8220;56px&#8220; width=&#8220;100%&#8220; width_tablet=&#8220;100%&#8220; width_phone=&#8220;100%&#8220; width_last_edited=&#8220;on|phone&#8220; custom_margin=&#8220;|100px|0px||false|false&#8220; scroll_horizontal_motion=&#8220;0|49|50|50|5|0|0&#8243; scroll_fade_enable=&#8220;on&#8220; scroll_fade=&#8220;40|50|50|60|0|100|100&#8243; global_colors_info=&#8220;{}&#8220;][\/et_pb_heading][et_pb_divider color=&#8220;#000000&#8243; divider_weight=&#8220;4px&#8220; _builder_version=&#8220;4.27.4&#8243; _module_preset=&#8220;default&#8220; width=&#8220;30%&#8220; width_tablet=&#8220;30%&#8220; width_phone=&#8220;100%&#8220; width_last_edited=&#8220;on|phone&#8220; max_width=&#8220;100%&#8220; module_alignment=&#8220;left&#8220; min_height=&#8220;0px&#8220; height=&#8220;0px&#8220; max_height=&#8220;0px&#8220; max_height_tablet=&#8220;0px&#8220; max_height_phone=&#8220;0px&#8220; max_height_last_edited=&#8220;on|desktop&#8220; custom_margin=&#8220;||20px||false|false&#8220; global_colors_info=&#8220;{}&#8220;][\/et_pb_divider][et_pb_text _builder_version=&#8220;4.27.4&#8243; _module_preset=&#8220;default&#8220; text_font=&#8220;Poppins||||||||&#8220; text_text_color=&#8220;#1c352d&#8220; text_font_size=&#8220;18px&#8220; header_font=&#8220;||||||||&#8220; min_height=&#8220;192.6px&#8220; global_colors_info=&#8220;{}&#8220;]<\/p>\n<p>Jeder Mensch ist einzigartig \u2013 und genauso individuell sind auch seine Bed\u00fcrfnisse rund um Ern\u00e4hrung und Gesundheit. Vielleicht m\u00f6chtest du deine Ern\u00e4hrung anpassen, um bestimmte Beschwerden zu lindern, Gewicht zu reduzieren, hormonelle Dysbalancen auszugleichen oder deine Verdauung zu verbessern. Vielleicht suchst du nach mehr Wohlbefinden im Alltag, nach Unterst\u00fctzung in den Wechseljahren, einem besseren Umgang mit Unvertr\u00e4glichkeiten oder du w\u00fcnschst dir strahlende Haut.\u00a0 Gemeinsam entwickeln wir kleine, alltagstaugliche Ver\u00e4nderungen, die sich mit der Zeit ganz von selbst in deinen Lebensrhythmus einf\u00fcgen. So wirst du Schritt f\u00fcr Schritt erfahren, wie wohltuend und kraftvoll eine ausgewogene Ern\u00e4hrung wirkt \u2013 nicht nur f\u00fcr deinen K\u00f6rper, sondern f\u00fcr dein gesamtes Lebensgef\u00fchl.<\/p>\n<p class=\"p1\">Bist du bereit, dein bestes Selbst zu leben? Dann lass uns beginnen. \ud83c\udf38<\/p>\n<p>[\/et_pb_text][\/et_pb_column][et_pb_column type=&#8220;1_2&#8243; _builder_version=&#8220;4.27.4&#8243; _module_preset=&#8220;default&#8220; global_colors_info=&#8220;{}&#8220;][\/et_pb_column][\/et_pb_row][et_pb_row column_structure=&#8220;1_4,1_4,1_4,1_4&#8243; _builder_version=&#8220;4.27.4&#8243; _module_preset=&#8220;default&#8220; global_colors_info=&#8220;{}&#8220;][et_pb_column type=&#8220;1_4&#8243; _builder_version=&#8220;4.27.4&#8243; _module_preset=&#8220;default&#8220; global_colors_info=&#8220;{}&#8220;][et_pb_blurb title=&#8220;Kostenloses Kennenlerngespr\u00e4ch&#8220; use_icon=&#8220;on&#8220; font_icon=&#8220;&#xf879;||fa||900&#8243; icon_color=&#8220;#1c352d&#8220; image_icon_width=&#8220;67px&#8220; icon_alignment=&#8220;left&#8220; _builder_version=&#8220;4.27.4&#8243; _module_preset=&#8220;default&#8220; header_level=&#8220;h5&#8243; header_font=&#8220;Poppins||||||||&#8220; header_line_height=&#8220;1.5em&#8220; body_font=&#8220;Poppins|300|||||||&#8220; body_text_color=&#8220;#1c352d&#8220; body_font_size=&#8220;16px&#8220; body_quote_border_color=&#8220;#a6b28b&#8220; body_quote_font=&#8220;Poppins||||||||&#8220; global_colors_info=&#8220;{}&#8220;]<\/p>\n<p>(ca. 30 Min)<\/p>\n<p>[\/et_pb_blurb][\/et_pb_column][et_pb_column type=&#8220;1_4&#8243; _builder_version=&#8220;4.27.4&#8243; _module_preset=&#8220;default&#8220; global_colors_info=&#8220;{}&#8220;][et_pb_blurb title=&#8220;Einzelberatung&#8220; use_icon=&#8220;on&#8220; font_icon=&#8220;&#xf500;||fa||900&#8243; icon_color=&#8220;#1c352d&#8220; image_icon_width=&#8220;67px&#8220; icon_alignment=&#8220;left&#8220; _builder_version=&#8220;4.27.4&#8243; _module_preset=&#8220;default&#8220; header_level=&#8220;h5&#8243; header_font=&#8220;Poppins||||||||&#8220; header_line_height=&#8220;1.5em&#8220; body_font=&#8220;Poppins|300|||||||&#8220; body_text_color=&#8220;#1c352d&#8220; body_font_size=&#8220;16px&#8220; body_quote_border_color=&#8220;#a6b28b&#8220; global_colors_info=&#8220;{}&#8220;]<\/p>\n<p>(1 Std., CHF 120)<\/p>\n<p>[\/et_pb_blurb][\/et_pb_column][et_pb_column type=&#8220;1_4&#8243; _builder_version=&#8220;4.27.4&#8243; _module_preset=&#8220;default&#8220; global_colors_info=&#8220;{}&#8220;][et_pb_blurb title=&#8220;Workshop&#8220; use_icon=&#8220;on&#8220; font_icon=&#8220;&#xf879;||fa||900&#8243; icon_color=&#8220;#1c352d&#8220; image_icon_width=&#8220;67px&#8220; icon_alignment=&#8220;left&#8220; _builder_version=&#8220;4.27.4&#8243; _module_preset=&#8220;default&#8220; header_level=&#8220;h5&#8243; header_font=&#8220;Poppins||||||||&#8220; header_line_height=&#8220;1.5em&#8220; body_font=&#8220;Poppins|300|||||||&#8220; body_text_color=&#8220;#1c352d&#8220; body_font_size=&#8220;16px&#8220; body_quote_border_color=&#8220;#a6b28b&#8220; body_quote_font=&#8220;Poppins||||||||&#8220; global_colors_info=&#8220;{}&#8220;]<\/p>\n<p>(ca. 1 Std., Preis auf Anfrage)<\/p>\n<p>[\/et_pb_blurb][\/et_pb_column][et_pb_column type=&#8220;1_4&#8243; _builder_version=&#8220;4.27.4&#8243; _module_preset=&#8220;default&#8220; global_colors_info=&#8220;{}&#8220;][et_pb_blurb title=&#8220;Coaching \u00fcber 5 Termine&#8220; use_icon=&#8220;on&#8220; font_icon=&#8220;&#xf274;||fa||900&#8243; icon_color=&#8220;#1c352d&#8220; image_icon_width=&#8220;67px&#8220; icon_alignment=&#8220;left&#8220; _builder_version=&#8220;4.27.4&#8243; _module_preset=&#8220;default&#8220; header_level=&#8220;h5&#8243; header_font=&#8220;Poppins||||||||&#8220; header_line_height=&#8220;1.5em&#8220; body_font=&#8220;Poppins|300|||||||&#8220; body_text_color=&#8220;#1c352d&#8220; body_font_size=&#8220;16px&#8220; body_quote_border_color=&#8220;#a6b28b&#8220; global_colors_info=&#8220;{}&#8220;]<\/p>\n<p>(CHF 450)<\/p>\n<p>[\/et_pb_blurb][\/et_pb_column][\/et_pb_row][et_pb_row _builder_version=&#8220;4.27.4&#8243; _module_preset=&#8220;default&#8220; global_colors_info=&#8220;{}&#8220;][et_pb_column type=&#8220;4_4&#8243; _builder_version=&#8220;4.27.4&#8243; _module_preset=&#8220;default&#8220; global_colors_info=&#8220;{}&#8220;][et_pb_button button_url=&#8220;https:\/\/animabeta.thrivin.ch\/?page_id=97&#8243; button_text=&#8220;Buche dein kostenloses Erstgespr\u00e4ch und starte deine Reise zu mehr Wohlbefinden.&#8220; button_alignment=&#8220;left&#8220; _builder_version=&#8220;4.27.4&#8243; _module_preset=&#8220;default&#8220; custom_button=&#8220;on&#8220; button_text_color=&#8220;#1c352d&#8220; global_colors_info=&#8220;{}&#8220;][\/et_pb_button][\/et_pb_column][\/et_pb_row][\/et_pb_section][et_pb_section fb_built=&#8220;1&#8243; _builder_version=&#8220;4.27.4&#8243; _module_preset=&#8220;default&#8220; background_color=&#8220;#f9f6f3&#8243; min_height=&#8220;324.8px&#8220; global_colors_info=&#8220;{}&#8220;][et_pb_row column_structure=&#8220;1_2,1_2&#8243; _builder_version=&#8220;4.27.4&#8243; _module_preset=&#8220;default&#8220; max_width=&#8220;80%&#8220; min_height=&#8220;155.4px&#8220; motion_trigger_start=&#8220;top&#8220; global_colors_info=&#8220;{}&#8220;][et_pb_column type=&#8220;1_2&#8243; _builder_version=&#8220;4.27.4&#8243; _module_preset=&#8220;default&#8220; global_colors_info=&#8220;{}&#8220;][et_pb_text _builder_version=&#8220;4.27.4&#8243; _module_preset=&#8220;default&#8220; text_font=&#8220;Playfair Display|800|on||||||&#8220; text_font_size=&#8220;28px&#8220; custom_margin=&#8220;0px||0px||true|true&#8220; custom_padding=&#8220;||||true|true&#8220; global_colors_info=&#8220;{}&#8220;]<\/p>\n<p>\/My Consultation Process<\/p>\n<p>[\/et_pb_text][et_pb_heading title=&#8220;Structured, transparent, and tailored to your needs.&#8220; _builder_version=&#8220;4.27.4&#8243; _module_preset=&#8220;default&#8220; title_font=&#8220;Playfair Display||||||||&#8220; title_text_align=&#8220;left&#8220; title_text_color=&#8220;#1c352d&#8220; title_font_size=&#8220;56px&#8220; width=&#8220;100%&#8220; width_tablet=&#8220;100%&#8220; width_phone=&#8220;100%&#8220; width_last_edited=&#8220;on|phone&#8220; custom_margin=&#8220;|100px|0px||false|false&#8220; scroll_horizontal_motion=&#8220;0|49|50|50|5|0|0&#8243; scroll_fade_enable=&#8220;on&#8220; scroll_fade=&#8220;40|50|50|60|0|100|100&#8243; global_colors_info=&#8220;{}&#8220;][\/et_pb_heading][et_pb_divider color=&#8220;#000000&#8243; divider_weight=&#8220;4px&#8220; _builder_version=&#8220;4.27.4&#8243; _module_preset=&#8220;default&#8220; width=&#8220;30%&#8220; width_tablet=&#8220;30%&#8220; width_phone=&#8220;100%&#8220; width_last_edited=&#8220;on|phone&#8220; max_width=&#8220;100%&#8220; module_alignment=&#8220;left&#8220; min_height=&#8220;0px&#8220; height=&#8220;0px&#8220; max_height=&#8220;0px&#8220; max_height_tablet=&#8220;0px&#8220; max_height_phone=&#8220;0px&#8220; max_height_last_edited=&#8220;on|desktop&#8220; custom_margin=&#8220;||20px||false|false&#8220; global_colors_info=&#8220;{}&#8220;][\/et_pb_divider][\/et_pb_column][et_pb_column type=&#8220;1_2&#8243; _builder_version=&#8220;4.27.4&#8243; _module_preset=&#8220;default&#8220; global_colors_info=&#8220;{}&#8220;][\/et_pb_column][\/et_pb_row][et_pb_row column_structure=&#8220;1_2,1_2&#8243; _builder_version=&#8220;4.27.4&#8243; _module_preset=&#8220;default&#8220; global_colors_info=&#8220;{}&#8220;][et_pb_column type=&#8220;1_2&#8243; _builder_version=&#8220;4.27.4&#8243; _module_preset=&#8220;default&#8220; global_colors_info=&#8220;{}&#8220;][\/et_pb_column][et_pb_column type=&#8220;1_2&#8243; _builder_version=&#8220;4.27.4&#8243; _module_preset=&#8220;default&#8220; background_color=&#8220;#a6b28b&#8220; scroll_vertical_motion=&#8220;0|50|50|100|1|0|0&#8243; scroll_horizontal_motion_enable=&#8220;on&#8220; scroll_horizontal_motion=&#8220;0|50|50|100|0.2|0|0&#8243; motion_trigger_start=&#8220;top&#8220; border_radii=&#8220;on|15px|15px|15px|15px&#8220; border_width_all=&#8220;2px&#8220; border_color_all=&#8220;#a6b28b&#8220; global_colors_info=&#8220;{}&#8220;][et_pb_icon font_icon=&#8220;&#xf27a;||fa||400&#8243; icon_color=&#8220;#1c352d&#8220; icon_width=&#8220;49px&#8220; align=&#8220;left&#8220; module_class=&#8220;svg-target&#8220; _builder_version=&#8220;4.27.4&#8243; _module_preset=&#8220;default&#8220; custom_margin=&#8220;||||false&#8220; custom_padding=&#8220;15px|15px||15px|false|true&#8220; global_colors_info=&#8220;{}&#8220;][\/et_pb_icon][et_pb_heading title=&#8220;Kennenlerngespr\u00e4ch&#8220; _builder_version=&#8220;4.27.4&#8243; _module_preset=&#8220;default&#8220; title_text_align=&#8220;center&#8220; global_colors_info=&#8220;{}&#8220;][\/et_pb_heading][et_pb_text _builder_version=&#8220;4.27.4&#8243; _module_preset=&#8220;default&#8220; text_font=&#8220;Poppins||||||||&#8220; text_text_color=&#8220;#1c352d&#8220; custom_margin=&#8220;15px|15px|15px|15px|true|true&#8220; global_colors_info=&#8220;{}&#8220;]<\/p>\n<p>Im ersten Gespr\u00e4ch schaffen wir eine vertrauensvolle Basis, um deine Ern\u00e4hrungsweise, Lebensgewohnheiten und individuellen Bed\u00fcrfnisse ganzheitlich zu verstehen.<\/p>\n<p>[\/et_pb_text][\/et_pb_column][\/et_pb_row][et_pb_row column_structure=&#8220;1_2,1_2&#8243; _builder_version=&#8220;4.27.4&#8243; _module_preset=&#8220;default&#8220; border_radii=&#8220;on|15px|15px|15px|15px&#8220; global_colors_info=&#8220;{}&#8220;][et_pb_column type=&#8220;1_2&#8243; _builder_version=&#8220;4.27.4&#8243; _module_preset=&#8220;default&#8220; background_color=&#8220;#a6b28b&#8220; scroll_vertical_motion=&#8220;0|50|50|100|1|0|0&#8243; scroll_horizontal_motion=&#8220;0|50|50|100|0.2|0|0&#8243; motion_trigger_start=&#8220;top&#8220; border_radii=&#8220;on|15px|15px|15px|15px&#8220; global_colors_info=&#8220;{}&#8220;][et_pb_icon font_icon=&#8220;&#xf201;||fa||900&#8243; icon_color=&#8220;#1c352d&#8220; icon_width=&#8220;49px&#8220; align=&#8220;left&#8220; module_class=&#8220;svg-target&#8220; _builder_version=&#8220;4.27.4&#8243; _module_preset=&#8220;default&#8220; custom_margin=&#8220;||||false&#8220; custom_padding=&#8220;15px|15px||15px|false|true&#8220; global_colors_info=&#8220;{}&#8220;][\/et_pb_icon][et_pb_heading title=&#8220;Analyse&#8220; _builder_version=&#8220;4.27.4&#8243; _module_preset=&#8220;default&#8220; title_text_align=&#8220;center&#8220; global_colors_info=&#8220;{}&#8220;][\/et_pb_heading][et_pb_text _builder_version=&#8220;4.27.4&#8243; _module_preset=&#8220;default&#8220; text_font=&#8220;Poppins||||||||&#8220; text_text_color=&#8220;#1c352d&#8220; custom_margin=&#8220;15px|15px|15px|15px|true|true&#8220; global_colors_info=&#8220;{}&#8220;]<\/p>\n<p>Wir beleuchten dein Essverhalten, Energielevel und Verdauung, erkennen Zusammenh\u00e4nge zwischen Ern\u00e4hrung, Emotionen und Alltag \u2013 und st\u00e4rken dein Bewusstsein f\u00fcr die Signale deines K\u00f6rpers.<\/p>\n<p>[\/et_pb_text][\/et_pb_column][et_pb_column type=&#8220;1_2&#8243; _builder_version=&#8220;4.27.4&#8243; _module_preset=&#8220;default&#8220; global_colors_info=&#8220;{}&#8220;][\/et_pb_column][\/et_pb_row][et_pb_row column_structure=&#8220;1_2,1_2&#8243; _builder_version=&#8220;4.27.4&#8243; _module_preset=&#8220;default&#8220; global_colors_info=&#8220;{}&#8220;][et_pb_column type=&#8220;1_2&#8243; _builder_version=&#8220;4.27.4&#8243; _module_preset=&#8220;default&#8220; global_colors_info=&#8220;{}&#8220;][\/et_pb_column][et_pb_column type=&#8220;1_2&#8243; _builder_version=&#8220;4.27.4&#8243; _module_preset=&#8220;default&#8220; background_color=&#8220;#a6b28b&#8220; scroll_vertical_motion=&#8220;0|50|50|100|1|0|0&#8243; scroll_horizontal_motion_enable=&#8220;on&#8220; scroll_horizontal_motion=&#8220;0|50|50|100|0.2|0|0&#8243; border_radii=&#8220;on|15px|15px|15px|15px&#8220; border_width_all=&#8220;2px&#8220; border_color_all=&#8220;#a6b28b&#8220; global_colors_info=&#8220;{}&#8220;][et_pb_icon font_icon=&#8220;&#xf4d8;||fa||900&#8243; icon_color=&#8220;#1c352d&#8220; icon_width=&#8220;49px&#8220; align=&#8220;left&#8220; module_class=&#8220;svg-target&#8220; _builder_version=&#8220;4.27.4&#8243; _module_preset=&#8220;default&#8220; custom_margin=&#8220;||||false&#8220; custom_padding=&#8220;15px|15px||15px|false|true&#8220; global_colors_info=&#8220;{}&#8220;][\/et_pb_icon][et_pb_heading title=&#8220;Individueller Ern\u00e4hrungsplan&#8220; _builder_version=&#8220;4.27.4&#8243; _module_preset=&#8220;default&#8220; title_text_align=&#8220;center&#8220; global_colors_info=&#8220;{}&#8220;][\/et_pb_heading][et_pb_text _builder_version=&#8220;4.27.4&#8243; _module_preset=&#8220;default&#8220; text_font=&#8220;Poppins||||||||&#8220; text_text_color=&#8220;#1c352d&#8220; custom_margin=&#8220;15px|15px|15px|15px|true|true&#8220; global_colors_info=&#8220;{}&#8220;]<\/p>\n<p>Auf Basis deiner Ziele und Bed\u00fcrfnisse entsteht ein pers\u00f6nliches Ern\u00e4hrungskonzept, das nat\u00fcrliche, n\u00e4hrstoffreiche Lebensmittel, Genuss und Ausgewogenheit miteinander verbindet \u2013 ohne strenge Regeln.<\/p>\n<p>[\/et_pb_text][\/et_pb_column][\/et_pb_row][et_pb_row column_structure=&#8220;1_2,1_2&#8243; _builder_version=&#8220;4.27.4&#8243; _module_preset=&#8220;default&#8220; scroll_vertical_motion=&#8220;0|50|50|100|1|0|0&#8243; border_radii=&#8220;on|15px|15px|15px|15px&#8220; global_colors_info=&#8220;{}&#8220;][et_pb_column type=&#8220;1_2&#8243; _builder_version=&#8220;4.27.4&#8243; _module_preset=&#8220;default&#8220; background_color=&#8220;#a6b28b&#8220; border_radii=&#8220;on|15px|15px|15px|15px&#8220; global_colors_info=&#8220;{}&#8220;][et_pb_icon font_icon=&#8220;&#xf4c4;||fa||900&#8243; icon_color=&#8220;#1c352d&#8220; icon_width=&#8220;49px&#8220; align=&#8220;left&#8220; module_class=&#8220;svg-target&#8220; _builder_version=&#8220;4.27.4&#8243; _module_preset=&#8220;default&#8220; custom_margin=&#8220;||||false&#8220; custom_padding=&#8220;15px|15px||15px|false|true&#8220; global_colors_info=&#8220;{}&#8220;][\/et_pb_icon][et_pb_heading title=&#8220;Regelm\u00e4ssige Begleitung&#8220; _builder_version=&#8220;4.27.4&#8243; _module_preset=&#8220;default&#8220; title_text_align=&#8220;center&#8220; global_colors_info=&#8220;{}&#8220;][\/et_pb_heading][et_pb_text _builder_version=&#8220;4.27.4&#8243; _module_preset=&#8220;default&#8220; text_font=&#8220;Poppins||||||||&#8220; text_text_color=&#8220;#1c352d&#8220; custom_margin=&#8220;15px|15px|15px|15px|true|true&#8220; global_colors_info=&#8220;{}&#8220;]<\/p>\n<p>Schritt f\u00fcr Schritt integrieren wir neue Ern\u00e4hrungsroutinen in deinen Alltag \u2013 bewusst, genussvoll und nachhaltig. Dabei begleite ich dich mit Impulsen, Reflexion und Motivation.<\/p>\n<p>[\/et_pb_text][\/et_pb_column][et_pb_column type=&#8220;1_2&#8243; _builder_version=&#8220;4.27.4&#8243; _module_preset=&#8220;default&#8220; global_colors_info=&#8220;{}&#8220;][\/et_pb_column][\/et_pb_row][et_pb_row column_structure=&#8220;1_2,1_2&#8243; _builder_version=&#8220;4.27.4&#8243; _module_preset=&#8220;default&#8220; global_colors_info=&#8220;{}&#8220;][et_pb_column type=&#8220;1_2&#8243; _builder_version=&#8220;4.27.4&#8243; _module_preset=&#8220;default&#8220; global_colors_info=&#8220;{}&#8220;][\/et_pb_column][et_pb_column type=&#8220;1_2&#8243; _builder_version=&#8220;4.27.4&#8243; _module_preset=&#8220;default&#8220; background_color=&#8220;#a6b28b&#8220; scroll_vertical_motion=&#8220;0|50|50|100|1|0|0&#8243; scroll_horizontal_motion_enable=&#8220;on&#8220; scroll_horizontal_motion=&#8220;0|50|50|100|0.2|0|0&#8243; motion_trigger_start=&#8220;top&#8220; border_radii=&#8220;on|15px|15px|15px|15px&#8220; border_width_all=&#8220;2px&#8220; border_color_all=&#8220;#a6b28b&#8220; global_colors_info=&#8220;{}&#8220;][et_pb_icon font_icon=&#8220;&#xf00c;||fa||900&#8243; icon_color=&#8220;#1c352d&#8220; icon_width=&#8220;49px&#8220; align=&#8220;left&#8220; module_class=&#8220;svg-target&#8220; _builder_version=&#8220;4.27.4&#8243; _module_preset=&#8220;default&#8220; custom_margin=&#8220;||||false&#8220; custom_padding=&#8220;15px|15px||15px|false|true&#8220; global_colors_info=&#8220;{}&#8220;][\/et_pb_icon][et_pb_heading title=&#8220;Langfristiger Erfolg&#8220; _builder_version=&#8220;4.27.4&#8243; _module_preset=&#8220;default&#8220; title_text_align=&#8220;center&#8220; global_colors_info=&#8220;{}&#8220;][\/et_pb_heading][et_pb_text _builder_version=&#8220;4.27.4&#8243; _module_preset=&#8220;default&#8220; text_font=&#8220;Poppins||||||||&#8220; text_text_color=&#8220;#1c352d&#8220; custom_margin=&#8220;15px|15px|15px|15px|true|true&#8220; global_colors_info=&#8220;{}&#8220;]<\/p>\n<p>Der Fokus liegt auf Best\u00e4ndigkeit: Du entwickelst gesunde Routinen, st\u00e4rkst dein K\u00f6rperbewusstsein und erlebst, wie gesunde Ern\u00e4hrung zu einem nat\u00fcrlichen Teil deines Lebens wird.<\/p>\n<p>[\/et_pb_text][\/et_pb_column][\/et_pb_row][\/et_pb_section]<\/p>\n","protected":false},"excerpt":{"rendered":"<p>\/What I offerJeder Mensch ist einzigartig \u2013 und genauso individuell sind auch seine Bed\u00fcrfnisse rund um Ern\u00e4hrung und Gesundheit. Vielleicht m\u00f6chtest du deine Ern\u00e4hrung anpassen, um bestimmte Beschwerden zu lindern, Gewicht zu reduzieren, hormonelle Dysbalancen auszugleichen oder deine Verdauung zu verbessern. Vielleicht suchst du nach mehr Wohlbefinden im Alltag, nach Unterst\u00fctzung in den Wechseljahren, einem [&hellip;]<\/p>\n","protected":false},"author":1,"featured_media":0,"parent":0,"menu_order":0,"comment_status":"closed","ping_status":"closed","template":"","meta":{"_et_pb_use_builder":"on","_et_pb_old_content":"","_et_gb_content_width":"","footnotes":""},"class_list":["post-222","page","type-page","status-publish","hentry"],"_links":{"self":[{"href":"https:\/\/animabeta.thrivin.ch\/index.php?rest_route=\/wp\/v2\/pages\/222","targetHints":{"allow":["GET"]}}],"collection":[{"href":"https:\/\/animabeta.thrivin.ch\/index.php?rest_route=\/wp\/v2\/pages"}],"about":[{"href":"https:\/\/animabeta.thrivin.ch\/index.php?rest_route=\/wp\/v2\/types\/page"}],"author":[{"embeddable":true,"href":"https:\/\/animabeta.thrivin.ch\/index.php?rest_route=\/wp\/v2\/users\/1"}],"replies":[{"embeddable":true,"href":"https:\/\/animabeta.thrivin.ch\/index.php?rest_route=%2Fwp%2Fv2%2Fcomments&post=222"}],"version-history":[{"count":29,"href":"https:\/\/animabeta.thrivin.ch\/index.php?rest_route=\/wp\/v2\/pages\/222\/revisions"}],"predecessor-version":[{"id":25979832,"href":"https:\/\/animabeta.thrivin.ch\/index.php?rest_route=\/wp\/v2\/pages\/222\/revisions\/25979832"}],"wp:attachment":[{"href":"https:\/\/animabeta.thrivin.ch\/index.php?rest_route=%2Fwp%2Fv2%2Fmedia&parent=222"}],"curies":[{"name":"wp","href":"https:\/\/api.w.org\/{rel}","templated":true}]}}