{"id":97,"date":"2025-09-08T12:38:43","date_gmt":"2025-09-08T12:38:43","guid":{"rendered":"https:\/\/animabeta.sourisakchok.ch\/?page_id=97"},"modified":"2025-11-06T20:17:11","modified_gmt":"2025-11-06T20:17:11","slug":"contact","status":"publish","type":"page","link":"https:\/\/animabeta.thrivin.ch\/?page_id=97","title":{"rendered":"Kontakt"},"content":{"rendered":"<p>[et_pb_section fb_built=&#8220;1&#8243; _builder_version=&#8220;4.27.4&#8243; _module_preset=&#8220;default&#8220; background_color=&#8220;#f9f6f3&#8243; global_colors_info=&#8220;{}&#8220;][et_pb_row column_structure=&#8220;1_2,1_2&#8243; _builder_version=&#8220;4.27.4&#8243; _module_preset=&#8220;default&#8220; max_width=&#8220;80%&#8220; min_height=&#8220;456.4px&#8220; motion_trigger_start=&#8220;top&#8220; global_colors_info=&#8220;{}&#8220;][et_pb_column type=&#8220;1_2&#8243; _builder_version=&#8220;4.27.4&#8243; _module_preset=&#8220;default&#8220; global_colors_info=&#8220;{}&#8220;][et_pb_heading title=&#8220;Contact me&#8220; _builder_version=&#8220;4.27.4&#8243; _module_preset=&#8220;default&#8220; title_font=&#8220;Playfair Display||||||||&#8220; title_text_align=&#8220;left&#8220; title_text_color=&#8220;#1c352d&#8220; title_font_size=&#8220;56px&#8220; width=&#8220;100%&#8220; custom_margin=&#8220;|100px|1px||false|false&#8220; scroll_horizontal_motion=&#8220;0|49|50|50|5|0|0&#8243; scroll_fade_enable=&#8220;on&#8220; scroll_fade=&#8220;40|50|50|60|0|100|100&#8243; global_colors_info=&#8220;{}&#8220;][\/et_pb_heading][et_pb_divider color=&#8220;#000000&#8243; divider_weight=&#8220;4px&#8220; show_divider_tablet=&#8220;&#8220; show_divider_phone=&#8220;&#8220; show_divider_last_edited=&#8220;on|tablet&#8220; _builder_version=&#8220;4.27.4&#8243; _module_preset=&#8220;default&#8220; width=&#8220;32%&#8220; width_tablet=&#8220;47%&#8220; width_phone=&#8220;100%&#8220; width_last_edited=&#8220;on|tablet&#8220; max_width=&#8220;100%&#8220; module_alignment=&#8220;left&#8220; min_height=&#8220;0px&#8220; height=&#8220;0px&#8220; max_height=&#8220;0px&#8220; max_height_tablet=&#8220;0px&#8220; max_height_phone=&#8220;0px&#8220; max_height_last_edited=&#8220;on|desktop&#8220; custom_margin=&#8220;||20px||false|false&#8220; custom_padding=&#8220;3px|||||&#8220; global_colors_info=&#8220;{}&#8220;][\/et_pb_divider][et_pb_blurb title=&#8220;Standort&#8220; use_icon=&#8220;on&#8220; font_icon=&#8220;&#xe01d;||divi||400&#8243; icon_color=&#8220;#a6b28b&#8220; icon_placement=&#8220;left&#8220; image_icon_width=&#8220;32px&#8220; content_max_width=&#8220;100%&#8220; _builder_version=&#8220;4.27.4&#8243; _module_preset=&#8220;_initial&#8220; header_font=&#8220;Poppins|500|||||||&#8220; header_font_size=&#8220;20px&#8220; body_font=&#8220;Poppins||||||||&#8220; body_text_color=&#8220;#595959&#8243; body_font_size=&#8220;15px&#8220; custom_margin=&#8220;||||false|false&#8220; custom_padding=&#8220;30px||||false|false&#8220; animation=&#8220;off&#8220; header_font_size_tablet=&#8220;15px&#8220; header_font_size_phone=&#8220;14px&#8220; header_font_size_last_edited=&#8220;on|phone&#8220; border_color_all=&#8220;rgba(0,0,0,0.2)&#8220; border_width_top=&#8220;1px&#8220; global_colors_info=&#8220;{}&#8220;]<\/p>\n<p>079 175 42 20<\/p>\n<p>[\/et_pb_blurb][et_pb_blurb title=&#8220;Telefon&#8220; use_icon=&#8220;on&#8220; font_icon=&#8220;&#xe090;||divi||400&#8243; icon_color=&#8220;#a6b28b&#8220; icon_placement=&#8220;left&#8220; image_icon_width=&#8220;32px&#8220; content_max_width=&#8220;100%&#8220; _builder_version=&#8220;4.27.4&#8243; _module_preset=&#8220;_initial&#8220; header_font=&#8220;Poppins|500|||||||&#8220; header_font_size=&#8220;20px&#8220; body_font=&#8220;Poppins||||||||&#8220; body_text_color=&#8220;#595959&#8243; body_font_size=&#8220;15px&#8220; custom_margin=&#8220;||||false|false&#8220; custom_padding=&#8220;30px||||false|false&#8220; animation=&#8220;off&#8220; header_font_size_tablet=&#8220;15px&#8220; header_font_size_phone=&#8220;14px&#8220; header_font_size_last_edited=&#8220;on|phone&#8220; border_color_all=&#8220;rgba(0,0,0,0.2)&#8220; border_width_top=&#8220;1px&#8220; global_colors_info=&#8220;{}&#8220;]<\/p>\n<p>079 175 42 20<\/p>\n<p>[\/et_pb_blurb][et_pb_blurb title=&#8220;E-Mail&#8220; use_icon=&#8220;on&#8220; font_icon=&#8220;&#xf2b6;||fa||400&#8243; icon_color=&#8220;#a6b28b&#8220; icon_placement=&#8220;left&#8220; image_icon_width=&#8220;32px&#8220; content_max_width=&#8220;100%&#8220; _builder_version=&#8220;4.27.4&#8243; _module_preset=&#8220;_initial&#8220; header_font=&#8220;Poppins|500|||||||&#8220; header_font_size=&#8220;20px&#8220; body_font=&#8220;Poppins||||||||&#8220; body_text_color=&#8220;#595959&#8243; body_font_size=&#8220;15px&#8220; custom_margin=&#8220;||||false|false&#8220; custom_padding=&#8220;30px||||false|false&#8220; animation=&#8220;off&#8220; header_font_size_tablet=&#8220;15px&#8220; header_font_size_phone=&#8220;14px&#8220; header_font_size_last_edited=&#8220;on|phone&#8220; border_color_all=&#8220;rgba(0,0,0,0.2)&#8220; border_width_top=&#8220;1px&#8220; global_colors_info=&#8220;{}&#8220;]<\/p>\n<p>info@anima.ch<\/p>\n<p>[\/et_pb_blurb][\/et_pb_column][et_pb_column type=&#8220;1_2&#8243; _builder_version=&#8220;4.27.4&#8243; _module_preset=&#8220;default&#8220; global_colors_info=&#8220;{}&#8220;][et_pb_heading title=&#8220;Vereinbaren Sie ein unverbindliches Erstgespr\u00e4ch&#8220; _builder_version=&#8220;4.27.4&#8243; _module_preset=&#8220;default&#8220; title_font=&#8220;Poppins||||||||&#8220; global_colors_info=&#8220;{}&#8220;][\/et_pb_heading][et_pb_text _builder_version=&#8220;4.27.4&#8243; _module_preset=&#8220;default&#8220; text_font=&#8220;Poppins|300|||||||&#8220; text_text_color=&#8220;#000000&#8243; text_font_size=&#8220;20px&#8220; global_colors_info=&#8220;{}&#8220;]<\/p>\n<p>Gerne beantworte ich deine Fragen zu meinen Beratungsangeboten und bespreche mit dir, wie ich dich auf deinem Weg zu mehr Wohlbefinden unterst\u00fctzen kann. F\u00fcll einfach das untenstehende Formular aus \u2013 ich melde mich innerhalb eines Werktages bei dir zur\u00fcck.<\/p>\n<p>[\/et_pb_text][et_pb_contact_form captcha=&#8220;off&#8220; _builder_version=&#8220;4.27.4&#8243; _module_preset=&#8220;default&#8220; _unique_id=&#8220;37352547-b97b-4413-85e2-b00056b20234&#8243; form_field_background_color=&#8220;RGBA(255,255,255,0)&#8220; form_field_focus_text_color=&#8220;#000000&#8243; form_field_custom_padding=&#8220;|0px||0px|false|true&#8220; form_field_font=&#8220;Arial||||||||&#8220; form_field_font_size=&#8220;16px&#8220; form_field_line_height=&#8220;1.6em&#8220; custom_button=&#8220;on&#8220; button_text_size=&#8220;14px&#8220; button_text_color=&#8220;#FFFFFF&#8220; button_bg_color=&#8220;#000000&#8243; button_border_width=&#8220;0px&#8220; button_border_radius=&#8220;0px&#8220; button_letter_spacing=&#8220;0.1em&#8220; button_font=&#8220;Arial|700||on|||||&#8220; button_custom_padding=&#8220;20px|30px|20px|30px|true|true&#8220; form_field_font_size_tablet=&#8220;15px&#8220; form_field_font_size_phone=&#8220;14px&#8220; form_field_font_size_last_edited=&#8220;on|desktop&#8220; border_color_all=&#8220;#000000&#8243; border_width_bottom=&#8220;2px&#8220; locked=&#8220;off&#8220; global_colors_info=&#8220;{}&#8220;][et_pb_contact_field field_id=&#8220;Name&#8220; field_title=&#8220;Name&#8220; fullwidth_field=&#8220;on&#8220; _builder_version=&#8220;4.27.4&#8243; _module_preset=&#8220;default&#8220; global_colors_info=&#8220;{}&#8220; button_text_size__hover_enabled=&#8220;off&#8220; button_one_text_size__hover_enabled=&#8220;off&#8220; button_two_text_size__hover_enabled=&#8220;off&#8220; button_text_color__hover_enabled=&#8220;off&#8220; button_one_text_color__hover_enabled=&#8220;off&#8220; button_two_text_color__hover_enabled=&#8220;off&#8220; button_border_width__hover_enabled=&#8220;off&#8220; button_one_border_width__hover_enabled=&#8220;off&#8220; button_two_border_width__hover_enabled=&#8220;off&#8220; button_border_color__hover_enabled=&#8220;off&#8220; button_one_border_color__hover_enabled=&#8220;off&#8220; button_two_border_color__hover_enabled=&#8220;off&#8220; button_border_radius__hover_enabled=&#8220;off&#8220; button_one_border_radius__hover_enabled=&#8220;off&#8220; button_two_border_radius__hover_enabled=&#8220;off&#8220; button_letter_spacing__hover_enabled=&#8220;off&#8220; button_one_letter_spacing__hover_enabled=&#8220;off&#8220; button_two_letter_spacing__hover_enabled=&#8220;off&#8220; button_bg_color__hover_enabled=&#8220;off&#8220; button_one_bg_color__hover_enabled=&#8220;off&#8220; button_two_bg_color__hover_enabled=&#8220;off&#8220;][\/et_pb_contact_field][et_pb_contact_field field_id=&#8220;Email&#8220; field_title=&#8220;Email Address&#8220; field_type=&#8220;email&#8220; fullwidth_field=&#8220;on&#8220; _builder_version=&#8220;4.16&#8243; _module_preset=&#8220;default&#8220; global_colors_info=&#8220;{}&#8220; button_text_size__hover_enabled=&#8220;off&#8220; button_one_text_size__hover_enabled=&#8220;off&#8220; button_two_text_size__hover_enabled=&#8220;off&#8220; button_text_color__hover_enabled=&#8220;off&#8220; button_one_text_color__hover_enabled=&#8220;off&#8220; button_two_text_color__hover_enabled=&#8220;off&#8220; button_border_width__hover_enabled=&#8220;off&#8220; button_one_border_width__hover_enabled=&#8220;off&#8220; button_two_border_width__hover_enabled=&#8220;off&#8220; button_border_color__hover_enabled=&#8220;off&#8220; button_one_border_color__hover_enabled=&#8220;off&#8220; button_two_border_color__hover_enabled=&#8220;off&#8220; button_border_radius__hover_enabled=&#8220;off&#8220; button_one_border_radius__hover_enabled=&#8220;off&#8220; button_two_border_radius__hover_enabled=&#8220;off&#8220; button_letter_spacing__hover_enabled=&#8220;off&#8220; button_one_letter_spacing__hover_enabled=&#8220;off&#8220; button_two_letter_spacing__hover_enabled=&#8220;off&#8220; button_bg_color__hover_enabled=&#8220;off&#8220; button_one_bg_color__hover_enabled=&#8220;off&#8220; button_two_bg_color__hover_enabled=&#8220;off&#8220;][\/et_pb_contact_field][et_pb_contact_field field_id=&#8220;interessiert_an&#8220; field_title=&#8220;Interessiert an:&#8220; field_type=&#8220;select&#8220; select_options=&#8220;%91{%22value%22:%22Kostenloses Kennenlerngespr\u00e4ch%22,%22checked%22:0,%22dragID%22:-1},{%22value%22:%22Einzelberatung%22,%22checked%22:0,%22dragID%22:0},{%22value%22:%22Coaching-Paket (5 Termine)%22,%22checked%22:0,%22dragID%22:1},{%22value%22:%22Workshop%22,%22checked%22:0,%22dragID%22:2},{%22value%22:%22Sonstiges%22,%22checked%22:0,%22dragID%22:3}%93&#8243; fullwidth_field=&#8220;on&#8220; _builder_version=&#8220;4.27.4&#8243; _module_preset=&#8220;default&#8220; global_colors_info=&#8220;{}&#8220;][\/et_pb_contact_field][et_pb_contact_field field_id=&#8220;Message&#8220; field_title=&#8220;Message&#8220; field_type=&#8220;text&#8220; fullwidth_field=&#8220;on&#8220; _builder_version=&#8220;4.16&#8243; _module_preset=&#8220;default&#8220; global_colors_info=&#8220;{}&#8220; button_text_size__hover_enabled=&#8220;off&#8220; button_one_text_size__hover_enabled=&#8220;off&#8220; button_two_text_size__hover_enabled=&#8220;off&#8220; button_text_color__hover_enabled=&#8220;off&#8220; button_one_text_color__hover_enabled=&#8220;off&#8220; button_two_text_color__hover_enabled=&#8220;off&#8220; button_border_width__hover_enabled=&#8220;off&#8220; button_one_border_width__hover_enabled=&#8220;off&#8220; button_two_border_width__hover_enabled=&#8220;off&#8220; button_border_color__hover_enabled=&#8220;off&#8220; button_one_border_color__hover_enabled=&#8220;off&#8220; button_two_border_color__hover_enabled=&#8220;off&#8220; button_border_radius__hover_enabled=&#8220;off&#8220; button_one_border_radius__hover_enabled=&#8220;off&#8220; button_two_border_radius__hover_enabled=&#8220;off&#8220; button_letter_spacing__hover_enabled=&#8220;off&#8220; button_one_letter_spacing__hover_enabled=&#8220;off&#8220; button_two_letter_spacing__hover_enabled=&#8220;off&#8220; button_bg_color__hover_enabled=&#8220;off&#8220; button_one_bg_color__hover_enabled=&#8220;off&#8220; button_two_bg_color__hover_enabled=&#8220;off&#8220;][\/et_pb_contact_field][\/et_pb_contact_form][\/et_pb_column][\/et_pb_row][\/et_pb_section][et_pb_section fb_built=&#8220;1&#8243; _builder_version=&#8220;4.27.4&#8243; _module_preset=&#8220;default&#8220; background_color=&#8220;#f5c9b0&#8243; global_colors_info=&#8220;{}&#8220;][et_pb_row _builder_version=&#8220;4.27.4&#8243; _module_preset=&#8220;default&#8220; global_colors_info=&#8220;{}&#8220;][et_pb_column type=&#8220;4_4&#8243; _builder_version=&#8220;4.27.4&#8243; _module_preset=&#8220;default&#8220; global_colors_info=&#8220;{}&#8220;][et_pb_heading title=&#8220;H\u00e4ufig gestellte Fragen (FAQ)&#8220; _builder_version=&#8220;4.27.4&#8243; _module_preset=&#8220;default&#8220; title_font=&#8220;Poppins||||||||&#8220; title_text_color=&#8220;#1c352d&#8220; global_colors_info=&#8220;{}&#8220;][\/et_pb_heading][et_pb_accordion open_toggle_background_color=&#8220;RGBA(255,255,255,0)&#8220; closed_toggle_background_color=&#8220;RGBA(255,255,255,0)&#8220; toggle_icon=&#8220;&#x3b;||divi||400&#8243; icon_color=&#8220;#1c352d&#8220; use_icon_font_size=&#8220;on&#8220; icon_font_size=&#8220;20px&#8220; _builder_version=&#8220;4.27.4&#8243; _module_preset=&#8220;default&#8220; closed_toggle_font=&#8220;Poppins||||||||&#8220; body_font=&#8220;Poppins||||||||&#8220; background_enable_color=&#8220;off&#8220; hover_enabled=&#8220;0&#8243; border_color_right=&#8220;RGBA(255,255,255,0)&#8220; border_style_right=&#8220;dashed&#8220; global_colors_info=&#8220;{}&#8220; sticky_enabled=&#8220;0&#8243;][et_pb_accordion_item title=&#8220;Was kostet eine Erstberatung?&#8220; open=&#8220;off&#8220; open_toggle_text_color=&#8220;#a6b28b&#8220; toggle_icon=&#8220;&#x47;||divi||400&#8243; _builder_version=&#8220;4.27.4&#8243; _module_preset=&#8220;default&#8220; body_font=&#8220;Poppins||||||||&#8220; body_text_color=&#8220;#1c352d&#8220; body_font_size=&#8220;15px&#8220; text_orientation=&#8220;left&#8220; border_radii=&#8220;off||||&#8220; global_colors_info=&#8220;{}&#8220; toggle_text_color=&#8220;#1c352d&#8220; toggle_font=&#8220;Poppins||||||||&#8220; toggle_font_size=&#8220;17px&#8220;]<\/p>\n<p>Das erste Kennenlerngespr\u00e4ch (ca. 30 Minuten) ist f\u00fcr dich kostenlos und unverbindlich. So k\u00f6nnen wir gemeinsam herausfinden, ob mein Ansatz zu deinen Bed\u00fcrfnissen passt.<\/p>\n<p>[\/et_pb_accordion_item][et_pb_accordion_item title=&#8220;Welche Beratungsangebote bietest du an?&#8220; open_toggle_text_color=&#8220;#a6b28b&#8220; toggle_icon=&#8220;&#x47;||divi||400&#8243; _builder_version=&#8220;4.27.4&#8243; _module_preset=&#8220;default&#8220; body_font=&#8220;Poppins||||||||&#8220; body_text_color=&#8220;#1c352d&#8220; body_font_size=&#8220;15px&#8220; text_orientation=&#8220;left&#8220; hover_enabled=&#8220;0&#8243; global_colors_info=&#8220;{}&#8220; toggle_text_color=&#8220;#1c352d&#8220; toggle_font=&#8220;Poppins||||||||&#8220; toggle_font_size=&#8220;17px&#8220; open=&#8220;off&#8220; sticky_enabled=&#8220;0&#8243;]<\/p>\n<ul>\n<li class=\"whitespace-normal break-words\"><strong>Kostenloses Kennenlerngespr\u00e4ch<\/strong> \u2013 ca. 30 Minuten<\/li>\n<li class=\"whitespace-normal break-words\"><strong>Einzelberatung<\/strong> \u2013 1 Stunde, CHF 120<\/li>\n<li class=\"whitespace-normal break-words\"><strong>Coaching-Paket<\/strong> \u2013 5 Termine (1x 60 Min. + 4x 45 Min.), CHF 450<\/li>\n<li class=\"whitespace-normal break-words\"><strong>Workshops<\/strong> \u2013 ca. 1 Stunde, Preis auf Anfrage<\/li>\n<\/ul>\n<p>[\/et_pb_accordion_item][et_pb_accordion_item title=&#8220;Wie l\u00e4uft eine Beratung ab?&#8220; open_toggle_text_color=&#8220;#a6b28b&#8220; toggle_icon=&#8220;&#x47;||divi||400&#8243; _builder_version=&#8220;4.27.4&#8243; _module_preset=&#8220;default&#8220; body_font=&#8220;Poppins||||||||&#8220; body_text_color=&#8220;#1c352d&#8220; body_font_size=&#8220;15px&#8220; text_orientation=&#8220;left&#8220; global_colors_info=&#8220;{}&#8220; toggle_text_color=&#8220;#1c352d&#8220; toggle_font=&#8220;Poppins||||||||&#8220; toggle_font_size=&#8220;17px&#8220; open=&#8220;off&#8220;]<\/p>\n<p>Im Erstgespr\u00e4ch lernen wir uns kennen und ich erfahre mehr \u00fcber deine Ziele und aktuellen Herausforderungen. Darauf aufbauend entwickle ich einen individuellen Plan f\u00fcr dich. Jede Beratung ist vertraulich und auf deine pers\u00f6nlichen Bed\u00fcrfnisse zugeschnitten.<\/p>\n<p>[\/et_pb_accordion_item][et_pb_accordion_item title=&#8220;Bietest du auch Online-Beratungen an?&#8220; open_toggle_text_color=&#8220;#a6b28b&#8220; toggle_icon=&#8220;&#x47;||divi||400&#8243; _builder_version=&#8220;4.27.4&#8243; _module_preset=&#8220;default&#8220; body_font=&#8220;Poppins||||||||&#8220; body_text_color=&#8220;#1c352d&#8220; body_font_size=&#8220;15px&#8220; text_orientation=&#8220;left&#8220; hover_enabled=&#8220;0&#8243; global_colors_info=&#8220;{}&#8220; toggle_text_color=&#8220;#1c352d&#8220; toggle_font=&#8220;Poppins||||||||&#8220; toggle_font_size=&#8220;17px&#8220; open=&#8220;on&#8220; sticky_enabled=&#8220;0&#8243;]<\/p>\n<p>Ja, ich biete sowohl pers\u00f6nliche Termine als auch Online-Beratungen via Videocall an. So kannst du flexibel von zu Hause aus teilnehmen.<\/p>\n<p>[\/et_pb_accordion_item][et_pb_accordion_item title=&#8220;F\u00fcr wen sind deine Beratungen geeignet?&#8220; open_toggle_text_color=&#8220;#a6b28b&#8220; toggle_icon=&#8220;&#x47;||divi||400&#8243; _builder_version=&#8220;4.27.4&#8243; _module_preset=&#8220;default&#8220; body_font=&#8220;Poppins||||||||&#8220; body_text_color=&#8220;#1c352d&#8220; body_font_size=&#8220;15px&#8220; text_orientation=&#8220;left&#8220; hover_enabled=&#8220;0&#8243; global_colors_info=&#8220;{}&#8220; toggle_text_color=&#8220;#1c352d&#8220; toggle_font=&#8220;Poppins||||||||&#8220; toggle_font_size=&#8220;17px&#8220; open=&#8220;off&#8220; sticky_enabled=&#8220;0&#8243;]<\/p>\n<p>Meine Angebote richten sich an alle, die mehr Balance, Energie und Wohlbefinden in ihren Alltag bringen m\u00f6chten \u2013 ob bei Ern\u00e4hrungsfragen, dem Aufbau gesunder Gewohnheiten oder einer ganzheitlichen Lebensf\u00fchrung.<\/p>\n<p>[\/et_pb_accordion_item][et_pb_accordion_item title=&#8220;Wie kann ich einen Termin vereinbaren?&#8220; open_toggle_text_color=&#8220;#a6b28b&#8220; toggle_icon=&#8220;&#x47;||divi||400&#8243; _builder_version=&#8220;4.27.4&#8243; _module_preset=&#8220;default&#8220; body_text_color=&#8220;#1c352d&#8220; body_font_size=&#8220;15px&#8220; global_colors_info=&#8220;{}&#8220; toggle_text_color=&#8220;#1c352d&#8220; toggle_font=&#8220;Poppins||||||||&#8220; open=&#8220;off&#8220;]<\/p>\n<p>Nutze einfach das Kontaktformular, schreibe mir eine E-Mail oder ruf mich direkt an. Ich melde mich zeitnah bei dir, um einen passenden Termin zu finden.<\/p>\n<p>[\/et_pb_accordion_item][\/et_pb_accordion][\/et_pb_column][\/et_pb_row][\/et_pb_section]<\/p>\n","protected":false},"excerpt":{"rendered":"<p>079 175 42 20079 175 42 20info@anima.chGerne beantworte ich deine Fragen zu meinen Beratungsangeboten und bespreche mit dir, wie ich dich auf deinem Weg zu mehr Wohlbefinden unterst\u00fctzen kann. F\u00fcll einfach das untenstehende Formular aus \u2013 ich melde mich innerhalb eines Werktages bei dir zur\u00fcck.Das erste Kennenlerngespr\u00e4ch (ca. 30 Minuten) ist f\u00fcr dich kostenlos und [&hellip;]<\/p>\n","protected":false},"author":1,"featured_media":0,"parent":0,"menu_order":0,"comment_status":"closed","ping_status":"closed","template":"","meta":{"_et_pb_use_builder":"on","_et_pb_old_content":"","_et_gb_content_width":"","footnotes":""},"class_list":["post-97","page","type-page","status-publish","hentry"],"_links":{"self":[{"href":"https:\/\/animabeta.thrivin.ch\/index.php?rest_route=\/wp\/v2\/pages\/97","targetHints":{"allow":["GET"]}}],"collection":[{"href":"https:\/\/animabeta.thrivin.ch\/index.php?rest_route=\/wp\/v2\/pages"}],"about":[{"href":"https:\/\/animabeta.thrivin.ch\/index.php?rest_route=\/wp\/v2\/types\/page"}],"author":[{"embeddable":true,"href":"https:\/\/animabeta.thrivin.ch\/index.php?rest_route=\/wp\/v2\/users\/1"}],"replies":[{"embeddable":true,"href":"https:\/\/animabeta.thrivin.ch\/index.php?rest_route=%2Fwp%2Fv2%2Fcomments&post=97"}],"version-history":[{"count":16,"href":"https:\/\/animabeta.thrivin.ch\/index.php?rest_route=\/wp\/v2\/pages\/97\/revisions"}],"predecessor-version":[{"id":25979826,"href":"https:\/\/animabeta.thrivin.ch\/index.php?rest_route=\/wp\/v2\/pages\/97\/revisions\/25979826"}],"wp:attachment":[{"href":"https:\/\/animabeta.thrivin.ch\/index.php?rest_route=%2Fwp%2Fv2%2Fmedia&parent=97"}],"curies":[{"name":"wp","href":"https:\/\/api.w.org\/{rel}","templated":true}]}}